{"id":1511,"date":"2022-07-25T18:52:06","date_gmt":"2022-07-25T16:52:06","guid":{"rendered":"https:\/\/fattorialepupille.shop\/cookie-policy\/"},"modified":"2022-07-25T18:52:06","modified_gmt":"2022-07-25T16:52:06","slug":"cookie-policy","status":"publish","type":"page","link":"https:\/\/fattorialepupille.shop\/en\/cookie-policy\/","title":{"rendered":"Cookie Policy"},"content":{"rendered":"<h2>Uso dei cookie<\/h2>\n<p>Questo sito utilizza i Cookie per rendere i propri servizi semplici e efficienti per l\u2019utenza che visiona le pagine.<\/p>\n<p>Vi sono <strong>vari tipi di cookie<\/strong>, alcuni per rendere pi\u00f9 efficace l\u2019uso del Sito, altri per abilitare determinate funzionalit\u00e0.<\/p>\n<p>Analizzandoli in maniera particolareggiata i nostri cookie permettono di:<\/p>\n<ul>\n<li>memorizzare le preferenze inserite (per esempio la lingua di consultazione)<\/li>\n<li>analizzare in forma anonima e non aggregata i dati di navigazione attraverso sistemi di statistiche del sito web<\/li>\n<\/ul>\n<h2>Tipologie di Cookie utilizzati<\/h2>\n<p>A seguire i vari tipi di cookie utilizzati in funzione delle finalit\u00e0 d\u2019uso<\/p>\n<h3>Cookie Tecnici<\/h3>\n<p>Questa tipologia di cookie \u00e8 strettamente necessaria al <strong>corretto funzionamento di alcune sezioni del Sito<\/strong>. Sono di due categorie: persistenti e di sessione:<\/p>\n<ul>\n<li><strong>persistenti<\/strong>: una volta chiuso il browser non vengono distrutti ma rimangono fino ad una data di scadenza preimpostata<\/li>\n<li><strong>di sessioni<\/strong>: vengono distrutti ogni volta che il browser viene chiuso<\/li>\n<\/ul>\n<p>Questi cookie, inviati sempre dal nostro dominio, <strong>sono necessari a visualizzare correttamente il sito<\/strong> e in relazione ai servizi tecnici offerti, verranno quindi <strong>sempre utilizzati e inviati<\/strong>, a meno che l\u2019utenza non modifichi le impostazioni nel proprio browser (inficiando cos\u00ec la visualizzazione delle pagine del sito).<\/p>\n<h3>Cookie analitici<\/h3>\n<p>I cookie in questa categoria vengono utilizzati per <strong>collezionare informazioni sull\u2019uso del sito<\/strong>. Useremo queste informazioni in merito ad <strong>analisi statistiche anonime<\/strong> al fine di migliorare l\u2019utilizzo del Sito e per rendere i contenuti pi\u00f9 interessanti e attinenti ai desideri dell\u2019utenza. Questa tipologia di cookie raccoglie dati in <strong>forma anonima<\/strong> sull\u2019attivit\u00e0 dell\u2019utenza e su come \u00e8 arrivata sul Sito. I cookie analitici sono inviati dal Sito Stesso o da domini di terze parti.<\/p>\n<h3>Cookie di analisi di servizi di terze parti<\/h3>\n<p>Questi cookie sono utilizzati al fine di raccogliere informazioni sull\u2019<strong>uso del Sito<\/strong> da parte degli utenti in <strong>forma anonima<\/strong> quali: pagine visitate, tempo di permanenza, origini del traffico di provenienza, provenienza geografica, et\u00e0, genere e interessi ai fini di campagne di marketing. Questi cookie sono inviati da domini di terze parti esterni al Sito, nel nostro caso da Google Analytics.<\/p>\n<h3>Cookie per integrare prodotti e funzioni di software di terze parti<\/h3>\n<p>Questa tipologia di cookie <strong>integra funzionalit\u00e0 sviluppate da terzi<\/strong> all\u2019interno delle pagine del Sito come le icone e le preferenze espresse nei social network al fine di condivisione dei contenuti del sito o per l\u2019uso di servizi software di terze parti (come i software per generare le mappe e ulteriori software che offrono servizi aggiuntivi). Questi cookie sono inviati da <strong>domini di terze parti<\/strong> e da <strong>siti partner<\/strong> che offrono le loro funzionalit\u00e0 tra le pagine del Sito.<\/p>\n<h3>Cookie di profilazione<\/h3>\n<p>Sono quei cookie necessari a creare profili utenti al fine di inviare messaggi pubblicitari in linea con le preferenze manifestate dall\u2019utente all\u2019interno delle pagine del Sito.<\/p>\n<p>Nel nostro Sito <strong>NON utilizziamo cookie di profilazione<\/strong>.<\/p>\n<hr \/>\n<p>Il titolare,\u00a0 secondo la normativa vigente, non \u00e8 tenuto a chiedere consenso per i <strong>cookie tecnici<\/strong>, in quanto necessari a fornire i servizi richiesti.<\/p>\n<p>Per tutte le altre tipologie di cookie il consenso pu\u00f2 essere espresso dall\u2019Utente con una o pi\u00f9 di una delle seguenti modalit\u00e0:<\/p>\n<ul>\n<li><strong>Mediante specifiche configurazioni del browser<\/strong> utilizzato o dei relativi programmi informatici utilizzati per navigare le pagine che compongono il Sito.<\/li>\n<li><strong>Mediante modifica delle impostazioni<\/strong> nell\u2019uso dei servizi di terze parti<\/li>\n<li>Eliminazione dei cookie installati per mezzo del <strong>bottone a seguire<\/strong> (comporta che si lasci il sito)<\/li>\n<\/ul>\n<p>Entrambe queste soluzioni potrebbero impedire all\u2019utente di utilizzare o visualizzare parti del Sito.<\/p>\n<p><strong>Siti Web e servizi di terze parti<\/strong><\/p>\n<p>Il Sito potrebbe contenere collegamenti ad altri siti Web che dispongono di una propria informativa sulla privacy che pu\u00f2 essere diverse da quella adottata e che che quindi <strong>non risponde<\/strong> di questi siti.<\/p>\n<hr \/>\n<h2>Cookie utilizzati<\/h2>\n<div id=\"cookieTable\">\n<table>\n<thead>\n<tr>\n<td>Trattamento<\/td>\n<td>Descrizione dell\u2019uso<\/td>\n<td>Dati Raccolti<\/td>\n<td>Policy Link e Luogo del trattamento<\/td>\n<\/tr>\n<\/thead>\n<tbody>\n<tr>\n<td><strong>Form o Modulo di Contatto<\/strong><\/td>\n<td>L\u2019utente acconsente all\u2019utilizzo dei dati inseriti nel form di contatto al fine di rispondere alle richieste di preventivo, di informazione, o di qualunque altro motivo (indicato nel titolo del modulo).<\/td>\n<td>Nome, email e telefono<\/td>\n<td>Italia &#8211; server email e backup corrispondenza<\/td>\n<\/tr>\n<tr>\n<td>Pulsante <strong>Mi Piace<\/strong> e servizi terzi di <strong>Facebook, Inc.<\/strong><\/td>\n<td>Il pulsante \u201cMi Piace\u201d e i servizi di Facebook sono necessari all\u2019interazione con il social network Facebook e vengono forniti da Facebook, Inc.<\/td>\n<td>Cookie e dati di utilizzo<\/td>\n<td>USA \u2013 <a href=\"http:\/\/www.facebook.com\/privacy\/explanation.php\" target=\"_blank\" rel=\"nofollow noopener noreferrer\">Privacy Policy<\/a> \u2013 <a href=\"https:\/\/www.facebook.com\/help\/cookies?ref_type=sitefooter\" target=\"_blank\" rel=\"nofollow noopener noreferrer\">Maggiori informazioni<\/a><\/td>\n<\/tr>\n<tr>\n<td>Pulsante <strong>Tweet<\/strong> e servizi terzi di <strong>Twitter, Inc.<\/strong><\/td>\n<td>Il pulsante \u201cTweet\u201d e i servizi correlati sono necessari all\u2019interazione con il social network Twitter e vengono forniti da Twitter, Inc.<\/td>\n<td>Cookie e dati di utilizzo<\/td>\n<td>USA \u2013 <a href=\"http:\/\/twitter.com\/privacy\" target=\"_blank\" rel=\"nofollow noopener noreferrer\">Privacy Policy<\/a> \u2013 <a href=\"https:\/\/support.twitter.com\/articles\/20170519-uso-dei-cookie-e-di-altre-tecnologie-simili-da-parte-di-twitter#\" target=\"_blank\" rel=\"nofollow noopener noreferrer\">Maggiori informazioni<\/a><\/td>\n<\/tr>\n<tr>\n<td>Pulsante <strong>Google+<\/strong> e servizi terzi di <strong>Google Inc.<\/strong><\/td>\n<td>Il pulsante \u201c+1\u201d e i servizi correlati a Google+ sono necessari all\u2019interazione con il social network Google Plus e vengono forniti da Google, Inc.<\/td>\n<td>Cookie e dati di utilizzo<\/td>\n<td>USA \u2013 <a href=\"http:\/\/www.google.com\/intl\/it\/policies\/privacy\/\" target=\"_blank\" rel=\"nofollow noopener noreferrer\">Privacy Policy<\/a> \u2013 <a href=\"https:\/\/www.google.com\/settings\/u\/0\/ads?hl=it&amp;sig=ACi0TCiGVtQo3-M6KWk-W9FLb2ibvVcinVf7QTocMi5pUGsx67qs34yjO2h6N2SfsAAN4bWW9lfY8Zj7PH8epB-TcvIHMSktGnGK9X2FszgcREeCvlRtHrzTtukXpeZgZUx-LeGXWH8JBDW-N24XPdYuAd6ezwnQxl4OFxY_ROB7YMnFRBrDJ2w\" target=\"_blank\" rel=\"nofollow noopener noreferrer\">Opt out<\/a><\/td>\n<\/tr>\n<tr>\n<td><strong>Youtube<\/strong> e servizi terzi di <strong>Google Inc.<\/strong><\/td>\n<td>Youtube \u00e8 un social network dedicato alla visualizzazione di contenuti video ed \u00e8 gestito da Google Inc. con la possibilit\u00e0 di integrare i contenuti all\u2019interno delle proprie pagine<\/td>\n<td>Cookie e dati di utilizzo<\/td>\n<td>USA \u2013 <a href=\"http:\/\/www.google.it\/intl\/it\/policies\/privacy\/\" target=\"_blank\" rel=\"nofollow noopener noreferrer\">Privacy Policy<\/a> \u2013 <a href=\"https:\/\/www.google.com\/settings\/u\/0\/ads?hl=it&amp;sig=ACi0TCiGVtQo3-M6KWk-W9FLb2ibvVcinVf7QTocMi5pUGsx67qs34yjO2h6N2SfsAAN4bWW9lfY8Zj7PH8epB-TcvIHMSktGnGK9X2FszgcREeCvlRtHrzTtukXpeZgZUx-LeGXWH8JBDW-N24XPdYuAd6ezwnQxl4OFxY_ROB7YMnFRBrDJ2w\" target=\"_blank\" rel=\"nofollow noopener noreferrer\">Opt out<\/a><\/td>\n<\/tr>\n<tr>\n<td><strong>Vimeo<\/strong> di <strong>Vimeo, LLC<\/strong><\/td>\n<td>Vimeo \u00e8 un social network dedicato alla visualizzazione di contenuti video ed \u00e8 gestito da Vimeo, LLC con la possibilit\u00e0 di integrare i contenuti all\u2019interno delle proprie pagine<\/td>\n<td>Cookie e dati di utilizzo<\/td>\n<td>USA \u2013 <a href=\"http:\/\/vimeo.com\/privacy\" target=\"_blank\" rel=\"nofollow noopener noreferrer\">Privacy Policy<\/a><\/td>\n<\/tr>\n<tr>\n<td><strong>Facebook Pixel<\/strong> di <strong>Facebook Inc.<\/strong><\/td>\n<td>Cookie necessari al monitoraggio conversioni di Facebook Ads, creazione di Facebook Custom Audience, profilazione per Facebook Remarketing<\/td>\n<td>Cookie e dati di utilizzo<\/td>\n<td>USA \u2013\u00a0<a href=\"https:\/\/www.facebook.com\/about\/privacy\/\" target=\"_blank\" rel=\"noopener\">Privacy Policy<\/a>\u00a0\u2013\u00a0<a href=\"https:\/\/www.aboutads.info\/choices\/\" target=\"_blank\" rel=\"noopener\">Opt Out<\/a><\/td>\n<\/tr>\n<tr>\n<td>Analisi degli accessi di <strong>Google Analytics<\/strong> e servizi terzi di <strong>Google Inc.<\/strong><\/td>\n<td>Gli accessi e le interazioni dell\u2019utenza su questo sito sono analizzati mediante il servizio di Google Analytics gestito da Google, Inc.<\/td>\n<td>Cookie e dati di utilizzo<\/td>\n<td>USA \u2013 <a href=\"http:\/\/www.google.com\/intl\/it\/policies\/privacy\/\" target=\"_blank\" rel=\"nofollow noopener noreferrer\">Privacy Policy<\/a> \u2013 <a href=\"https:\/\/www.google.com\/settings\/u\/0\/ads?hl=it&amp;sig=ACi0TCiGVtQo3-M6KWk-W9FLb2ibvVcinVf7QTocMi5pUGsx67qs34yjO2h6N2SfsAAN4bWW9lfY8Zj7PH8epB-TcvIHMSktGnGK9X2FszgcREeCvlRtHrzTtukXpeZgZUx-LeGXWH8JBDW-N24XPdYuAd6ezwnQxl4OFxY_ROB7YMnFRBrDJ2w\" target=\"_blank\" rel=\"nofollow noopener noreferrer\">Opt out<\/a><\/td>\n<\/tr>\n<tr>\n<td><strong>Akismet<\/strong> di <strong>Automattic Inc.<\/strong><\/td>\n<td>Il servizio di Akismet \u00e8 necessario a proteggere dallo SPAM le pagine di questo sito e viene fornito da Automattic Inc.<\/td>\n<td>Varie tipologie di Dati (specificate nella privacy policy del servizio)<\/td>\n<td>USA \u2013 <a href=\"http:\/\/automattic.com\/privacy\/\" target=\"_blank\" rel=\"nofollow noopener noreferrer\">Privacy Policy<\/a><\/td>\n<\/tr>\n<tr>\n<td><strong>Google Fonts<\/strong> servizio di <strong>Google Inc.<\/strong><\/td>\n<td>Google Fonts \u00e8 un servizio che permette di inglobare e visualizzare stili di carattere personalizzati ed \u00e8 gestito da da Google Inc.<\/td>\n<td>Cookie e dati di utilizzo<\/td>\n<td>USA \u2013 <a href=\"http:\/\/www.google.it\/intl\/en\/policies\/privacy\/\" target=\"_blank\" rel=\"nofollow noopener noreferrer\">Privacy Policy<\/a> \u2013 <a href=\"https:\/\/www.google.com\/settings\/u\/0\/ads?hl=it&amp;sig=ACi0TCiGVtQo3-M6KWk-W9FLb2ibvVcinVf7QTocMi5pUGsx67qs34yjO2h6N2SfsAAN4bWW9lfY8Zj7PH8epB-TcvIHMSktGnGK9X2FszgcREeCvlRtHrzTtukXpeZgZUx-LeGXWH8JBDW-N24XPdYuAd6ezwnQxl4OFxY_ROB7YMnFRBrDJ2w\" target=\"_blank\" rel=\"nofollow noopener noreferrer\">Opt out<\/a><\/td>\n<\/tr>\n<tr>\n<td>Lingua di consultazione (Plugin <strong>WPML<\/strong> di WordPress)<\/td>\n<td>Cookie necessari a memorizzare la lingua di consultazione dell\u2019utente. La scelta viene memorizzata e ricordata per 10 giorni, dopodich\u00e8 sar\u00e0 cancellata dal sistema<\/td>\n<td>Lingua di consultazione del sito<\/td>\n<td>Cookie registrato sul PC dell\u2019utente e non inviato in esterno \u2013 <a href=\"https:\/\/wpml.org\/documentation\/support\/browser-cookies-stored-wpml\/\" target=\"_blank\" rel=\"noopener\">DETTAGLIO<\/a><\/td>\n<\/tr>\n<tr>\n<td>Login e preferenze ecommerce (Plugin <strong>WooCommerce<\/strong> di WordPress)<\/td>\n<td>Cookie necessari a memorizzare la sessione e l&#8217;utilizzo dell&#8217;ecommerce<\/td>\n<td>Cookie e dati di utilizzo<\/td>\n<td>Cookie registrato sul PC dell\u2019utente e non inviato in esterno \u2013 <a href=\"https:\/\/docs.woocommerce.com\/document\/woocommerce-cookies\/\" target=\"_blank\" rel=\"noopener\">DETTAGLIO<\/a><\/td>\n<\/tr>\n<\/tbody>\n<\/table>\n<\/div>\n<hr \/>\n<h2><\/h2>\n<h2>Come disabilitare i cookie mediante configurazione del browser<\/h2>\n<p>Le impostazioni riguardanti i cookie possono essere controllate e modificate dalle \u201cPreferenze\u201d del browser. Seleziona qui sotto il browser che stai utilizzando, per informazioni su come modificare le impostazioni dei cookie.<\/p>\n<ul>\n<li><a href=\"https:\/\/support.google.com\/chrome\/bin\/answer.py?hl=it&amp;answer=95647&amp;topic=14666&amp;ctx=topic\" target=\"_blank\" rel=\"noopener\">Chrome<\/a><\/li>\n<li><a href=\"https:\/\/support.mozilla.org\/it\/kb\/Attivare%20e%20disattivare%20i%20cookie\" target=\"_blank\" rel=\"noopener\">Firefox<\/a><\/li>\n<li><a href=\"http:\/\/windows.microsoft.com\/it-it\/windows-vista\/block-or-allow-cookies\" target=\"_blank\" rel=\"noopener\">Internet Explorer<\/a><\/li>\n<li><a href=\"http:\/\/www.opera.com\/browser\/tutorials\/security\/privacy\/\" target=\"_blank\" rel=\"noopener\">Opera<\/a><\/li>\n<li><a href=\"http:\/\/www.apple.com\/it\/support\/\" target=\"_blank\" rel=\"noopener\">Safari<\/a><\/li>\n<\/ul>\n<p>Se desiderate un controllo maggiore sui cookie utilizzati sul vostro pc potete consultare questo sito ed eventualmente specificare ulteriori preferenze: <a href=\"http:\/\/www.youronlinechoices.com\/it\/\" target=\"_blank\" rel=\"noopener\">http:\/\/www.youronlinechoices.com\/it\/<\/a><\/p>\n<p>Questa pagina \u00e8 visibile, mediante link in calce in tutte le pagine del Sito ai sensi del Regolamento Generale sulla Protezione dei Dati UE 679\/2016.<\/p>\n","protected":false},"excerpt":{"rendered":"<p>Uso dei cookie Questo sito utilizza i Cookie per rendere i propri servizi semplici e efficienti per l\u2019utenza che visiona<\/p>\n","protected":false},"author":1,"featured_media":0,"parent":0,"menu_order":0,"comment_status":"closed","ping_status":"closed","template":"","meta":[],"_links":{"self":[{"href":"https:\/\/fattorialepupille.shop\/en\/wp-json\/wp\/v2\/pages\/1511"}],"collection":[{"href":"https:\/\/fattorialepupille.shop\/en\/wp-json\/wp\/v2\/pages"}],"about":[{"href":"https:\/\/fattorialepupille.shop\/en\/wp-json\/wp\/v2\/types\/page"}],"author":[{"embeddable":true,"href":"https:\/\/fattorialepupille.shop\/en\/wp-json\/wp\/v2\/users\/1"}],"replies":[{"embeddable":true,"href":"https:\/\/fattorialepupille.shop\/en\/wp-json\/wp\/v2\/comments?post=1511"}],"version-history":[{"count":0,"href":"https:\/\/fattorialepupille.shop\/en\/wp-json\/wp\/v2\/pages\/1511\/revisions"}],"wp:attachment":[{"href":"https:\/\/fattorialepupille.shop\/en\/wp-json\/wp\/v2\/media?parent=1511"}],"curies":[{"name":"wp","href":"https:\/\/api.w.org\/{rel}","templated":true}]}}